{"id":613,"date":"2017-11-29T09:27:38","date_gmt":"2017-11-29T08:27:38","guid":{"rendered":"https:\/\/pepechamorro.com\/terminos-legales\/"},"modified":"2018-06-14T09:20:52","modified_gmt":"2018-06-14T07:20:52","slug":"privacy-policy","status":"publish","type":"page","link":"https:\/\/pepechamorro.com\/en\/privacy-policy\/","title":{"rendered":"Privacy policy"},"content":{"rendered":"<p>En cumplimiento del art\u00edculo 10 de la Ley 34\/2002, del 11 de julio, de servicios de la Sociedad de la Informaci\u00f3n y Comercio Electr\u00f3nico (LSSI-CE) ponemos a disposici\u00f3n los datos identificativos del propietario.<br \/>\r\n Titular: Jose Manuel Chamorro Mu\u00f1oz<br \/>\r\n N\u00famero de identificaci\u00f3n fiscal: 50963991Q<br \/>\r\n Domicilio social: PLAZA DE CHAMBERI, N\u00ba 2, 2\u00ba D, 28010, MADRID<br \/>\r\n Correo electr\u00f3nico: pepe.chamorro@gmail.com<\/p>\r\n<p>De acuerdo con lo establecido por la Ley Org\u00e1nica 15\/1999 de 13 de diciembre, de Protecci\u00f3n de Datos de Car\u00e1cter Personal, le informamos que sus datos ser\u00e1n incluidos en un fichero del que es titular JOSE MANUEL CHAMORRO MU\u00d1OZ, y podr\u00e1n ser utilizados con las siguientes finalidades en cada caso concreto:<\/p>\r\n<p>El env\u00edo de sus datos de car\u00e1cter personal a trav\u00e9s de esta p\u00e1gina web, con motivo de realizar una solicitud de informaci\u00f3n\/presupuesto supone el consentimiento por su parte para la inclusi\u00f3n y tratamiento de sus datos en el fichero CLIENTES, registrado por esta empresa ante la AGPD. Los datos obtenidos ser\u00e1n utilizados para atender la solicitud realizada por usted mismo.<br \/>\r\n Los datos facilitados podr\u00e1n ser utilizados adem\u00e1s, para enviarle publicidad e informaci\u00f3n comercial sobre nuestros productos y servicios. Tambi\u00e9n podr\u00e1 recibir newsletter de forma peri\u00f3dica. Si no desea recibir este tipo de informaci\u00f3n por parte de nuestra empresa, no tiene m\u00e1s que comunicarlo a JOSE MANUEL CHAMORRO MU\u00d1OZ, con domicilio en PLAZA DE CHAMBERI, N\u00ba 2, 2\u00ba D, 28010, MADRID<br \/>\r\n Facilitar el acceso a los contenidos ofrecidos a trav\u00e9s de la p\u00e1gina web.<br \/>\r\n El estudio de la utilizaci\u00f3n de los servicios por parte de los usuarios y visitantes.<br \/>\r\n JOSE MANUEL CHAMORRO MU\u00d1OZ, no ceder\u00e1 informaci\u00f3n a terceros sin consentimiento previo de los usuarios, excepto en los supuestos regulados en los art\u00edculos 11 y 12 de la LOPD: Cuando la cesi\u00f3n est\u00e1 autorizada en una Ley; Cuando se trate de datos recogidos de fuentes accesibles al p\u00fablico; Cuando la cesi\u00f3n que deba efectuarse tenga por destinatario al Defensor del Pueblo, el Ministerio Fiscal o los Jueces o Tribunales o el Tribunal de Cuentas, en el ejercicio de las funciones que tiene atribuidas; Cuando la cesi\u00f3n tenga como destinatario a instituciones auton\u00f3micas con funciones an\u00e1logas al Defensor del Pueblo o al Tribunal de Cuentas; Si la comunicaci\u00f3n se efect\u00faa previo procedimiento de disociaci\u00f3n.<br \/>\r\n En el supuesto de que se solicitase al usuario datos de car\u00e1cter personal por medios distintos de los anteriormente expuestos, JOSE MANUEL CHAMORRO MU\u00d1OZ, les comunicar\u00e1 de forma expresa e inequ\u00edvoca respecto de las condiciones en que se recojan datos personales y las finalidades con las que van a ser utilizados, de la obligaci\u00f3n de facilitarlos o no, de los derechos que asisten al usuario, de las condiciones en que se pueden ejercitar, de los destinatarios de la informaci\u00f3n, del responsable del fichero y de cualquier otra informaci\u00f3n complementaria que resulte necesaria.<\/p>\r\n<p>Podr\u00e1 ejercer su derecho de acceso, rectificaci\u00f3n, cancelaci\u00f3n y oposici\u00f3n al tratamiento de sus datos personales, en los t\u00e9rminos y en las condiciones previstos en la LOPD, dirigi\u00e9ndose por escrito a JOSE MANUEL CHAMORRO MU\u00d1OZ, con domicilio en PLAZA DE CHAMBERI, N\u00ba 2, 2\u00ba D, 28010, MADRID<br \/>\r\n El hecho de que no introduzca los datos de car\u00e1cter personal que se le piden obligatoriamente en el formulario de contacto podr\u00e1 tener como consecuencia que JOSE MANUEL CHAMORRO MU\u00d1OZ, no pueda atender su solicitud.<\/p>\r\n<p>As\u00ed mismo, aceptando este aviso legal, reconoce que la informaci\u00f3n y los datos personales que se recogen son exactos y ver\u00eddicos.<\/p>\r\n<p>Igualmente le informamos que JOSE MANUEL CHAMORRO MU\u00d1OZ, tiene implantadas las medidas t\u00e9cnicas y organizativas necesarias para garantizar la seguridad de sus datos de car\u00e1cter personal y evitar su alteraci\u00f3n, la p\u00e9rdida y el tratamiento y\/o el acceso no autorizado, teniendo en cuenta el estado de la tecnolog\u00eda, la naturaleza de los datos almacenados y los riesgos provenientes de la acci\u00f3n humana o del medio f\u00edsico y natural a que est\u00e1n expuestas. Todo esto, de acuerdo con lo que prev\u00e9 el art\u00edculo 9 de la Ley Org\u00e1nica 15\/1999 de Protecci\u00f3n de Datos de Car\u00e1cter personal y el Real Decreto 1720\/2007, de 21 de diciembre de desarrollo de la citada Ley.<\/p>\r\n<p>JOSE MANUEL CHAMORRO MU\u00d1OZ, se compromete a tratar de manera absolutamente confidencial sus datos de car\u00e1cter personal y hacerlos servir s\u00f3lo para las finalidades indicadas.<\/p>\r\n<p>PARA CONTINUAR DEBE VD. ACEPTAR QUE HA LE\u00cdDO Y EST\u00c1 CONFORME CON ESTA CL\u00c1USULA.<\/p>","protected":false},"excerpt":{"rendered":"En cumplimiento del art\u00edculo 10 de la Ley 34\/2002, del 11 de julio, de&#8230;","protected":false},"author":6,"featured_media":0,"parent":0,"menu_order":5,"comment_status":"closed","ping_status":"closed","template":"","meta":{"footnotes":""},"class_list":["post-613","page","type-page","status-publish","hentry","no-wpautop"],"_wp_attached_file":null,"_wp_attachment_metadata":null,"wpml_media_processed":null,"_wpml_media_usage":null,"_wp_attachment_backup_sizes":null,"_email":null,"_name":null,"_props":null,"_last_contacted":null,"_wp_old_date":null,"_spam_meta_time":null,"_submission_status":null,"_subject":null,"_from":null,"_from_name":null,"_from_email":null,"_field_your-name":null,"_field_your-email":null,"_field_your-message":null,"_field_acceptance-246":null,"_fields":null,"_meta":null,"_akismet":null,"_recaptcha":null,"_spam_log":null,"_consent":null,"_field_submit":null,"_menu_item_type":null,"_menu_item_menu_item_parent":null,"_menu_item_object_id":null,"_menu_item_object":null,"_menu_item_target":null,"_menu_item_classes":null,"_menu_item_xfn":null,"_menu_item_url":null,"_wp_page_template":"default","_last_translation_edit_mode":null,"_lp_disable_wpautop":"1","_yoast_wpseo_is_cornerstone":null,"_yoast_wpseo_primary_category":null,"_thumbnail_id":null,"_wpml_media_has_media":null,"_dp_original":null,"ssb_googleplus_counts":null,"ssb_twitter_counts":null,"ssb_fbshare_counts":null,"ssb_linkedin_counts":null,"ssb_total_counts":null,"ssb_cache_timestamp":null,"_yoast_wpseo_opengraph-title":null,"_yoast_wpseo_opengraph-description":null,"_yoast_wpseo_twitter-title":null,"_yoast_wpseo_twitter-description":null,"_yoast_wpseo_focuskw_text_input":null,"_yoast_wpseo_estimated-reading-time-minutes":null,"_yoast_wpseo_wordproof_timestamp":null,"list_proyectos_4_titulo_proyecto":null,"_list_proyectos_4_titulo_proyecto":null,"list_proyectos_4_logotipo_proyecto":null,"_list_proyectos_4_logotipo_proyecto":null,"list_proyectos_4_puesto_proyecto":null,"_list_proyectos_4_puesto_proyecto":null,"list_proyectos_4_descripcion_proyecto":null,"_list_proyectos_4_descripcion_proyecto":null,"list_proyectos_4_boton_enlace_proyecto":null,"_list_proyectos_4_boton_enlace_proyecto":null,"list_proyectos_4_imagen_asociada_proyecto":null,"_list_proyectos_4_imagen_asociada_proyecto":null,"_form":null,"_mail":null,"_mail_2":null,"_messages":null,"_additional_settings":null,"_locale":null,"_flamingo":null,"_edit_last":"1","_edit_lock":"1528960725:1","_wpml_word_count":"{\"total\":726,\"to_translate\":{\"en\":726}}","_alp_processed":"1528960853","_wp_old_slug":null,"_hash":null,"_wp_trash_meta_status":null,"_wp_trash_meta_time":null,"_wp_desired_post_slug":null,"_yoast_wpseo_content_score":"30","acerca_de_mi_header_texto":null,"_acerca_de_mi_header_texto":null,"acerca_de_mi_header_imagen_de_fondo":null,"_acerca_de_mi_header_imagen_de_fondo":null,"acerca_de_mi_header_titulo":null,"_acerca_de_mi_header_titulo":null,"acerca_de_mi_header_imagen_perfil":null,"_acerca_de_mi_header_imagen_perfil":null,"acerca_de_mi_contenido_layout_0_acerca_de_mi_contenido_layout_modulo_texto_texto":null,"_acerca_de_mi_contenido_layout_0_acerca_de_mi_contenido_layout_modulo_texto_texto":null,"acerca_de_mi_contenido_layout":null,"_acerca_de_mi_contenido_layout":null,"acerca_de_mi_contenido_layout_0_acerca_de_mi_contenido_layout_modulo_entradilla_texto":null,"_acerca_de_mi_contenido_layout_0_acerca_de_mi_contenido_layout_modulo_entradilla_texto":null,"acerca_de_mi_contenido_layout_1_acerca_de_mi_contenido_layout_modulo_texto_texto":null,"_acerca_de_mi_contenido_layout_1_acerca_de_mi_contenido_layout_modulo_texto_texto":null,"_yoast_wpseo_focuskw":null,"_yoast_wpseo_title":null,"_yoast_wpseo_metadesc":null,"_yoast_wpseo_linkdex":null,"_wpml_media_duplicate":null,"_wpml_media_featured":null,"blog_header_titulo":null,"_blog_header_titulo":null,"blog_header_descripcion":null,"_blog_header_descripcion":null,"blog_header_imagen_de_fondo":null,"_blog_header_imagen_de_fondo":null,"list_proyectos_0_logotipo_proyecto":null,"_list_proyectos_0_logotipo_proyecto":null,"list_proyectos_0_puesto":null,"_list_proyectos_0_puesto":null,"list_proyectos_0_descripcion":null,"_list_proyectos_0_descripcion":null,"list_proyectos_0_boton_enlace":null,"_list_proyectos_0_boton_enlace":null,"list_proyectos_0_imagen_asociada":null,"_list_proyectos_0_imagen_asociada":null,"list_proyectos":null,"_list_proyectos":null,"list_proyectos_1_logotipo_proyecto":null,"_list_proyectos_1_logotipo_proyecto":null,"list_proyectos_1_puesto":null,"_list_proyectos_1_puesto":null,"list_proyectos_1_descripcion":null,"_list_proyectos_1_descripcion":null,"list_proyectos_1_boton_enlace":null,"_list_proyectos_1_boton_enlace":null,"list_proyectos_1_imagen_asociada":null,"_list_proyectos_1_imagen_asociada":null,"list_proyectos_2_logotipo_proyecto":null,"_list_proyectos_2_logotipo_proyecto":null,"list_proyectos_2_puesto":null,"_list_proyectos_2_puesto":null,"list_proyectos_2_descripcion":null,"_list_proyectos_2_descripcion":null,"list_proyectos_2_boton_enlace":null,"_list_proyectos_2_boton_enlace":null,"list_proyectos_2_imagen_asociada":null,"_list_proyectos_2_imagen_asociada":null,"list_proyectos_3_logotipo_proyecto":null,"_list_proyectos_3_logotipo_proyecto":null,"list_proyectos_3_puesto":null,"_list_proyectos_3_puesto":null,"list_proyectos_3_descripcion":null,"_list_proyectos_3_descripcion":null,"list_proyectos_3_boton_enlace":null,"_list_proyectos_3_boton_enlace":null,"list_proyectos_3_imagen_asociada":null,"_list_proyectos_3_imagen_asociada":null,"list_proyectos_0_titulo_proyecto":null,"_list_proyectos_0_titulo_proyecto":null,"list_proyectos_0_puesto_proyecto":null,"_list_proyectos_0_puesto_proyecto":null,"list_proyectos_0_descripcion_proyecto":null,"_list_proyectos_0_descripcion_proyecto":null,"list_proyectos_0_boton_enlace_proyecto":null,"_list_proyectos_0_boton_enlace_proyecto":null,"list_proyectos_0_imagen_asociada_proyecto":null,"_list_proyectos_0_imagen_asociada_proyecto":null,"list_proyectos_1_titulo_proyecto":null,"_list_proyectos_1_titulo_proyecto":null,"list_proyectos_1_puesto_proyecto":null,"_list_proyectos_1_puesto_proyecto":null,"list_proyectos_1_descripcion_proyecto":null,"_list_proyectos_1_descripcion_proyecto":null,"list_proyectos_1_boton_enlace_proyecto":null,"_list_proyectos_1_boton_enlace_proyecto":null,"list_proyectos_1_imagen_asociada_proyecto":null,"_list_proyectos_1_imagen_asociada_proyecto":null,"list_proyectos_2_titulo_proyecto":null,"_list_proyectos_2_titulo_proyecto":null,"list_proyectos_2_puesto_proyecto":null,"_list_proyectos_2_puesto_proyecto":null,"list_proyectos_2_descripcion_proyecto":null,"_list_proyectos_2_descripcion_proyecto":null,"list_proyectos_2_boton_enlace_proyecto":null,"_list_proyectos_2_boton_enlace_proyecto":null,"list_proyectos_2_imagen_asociada_proyecto":null,"_list_proyectos_2_imagen_asociada_proyecto":null,"list_proyectos_3_titulo_proyecto":null,"_list_proyectos_3_titulo_proyecto":null,"list_proyectos_3_puesto_proyecto":null,"_list_proyectos_3_puesto_proyecto":null,"list_proyectos_3_descripcion_proyecto":null,"_list_proyectos_3_descripcion_proyecto":null,"list_proyectos_3_boton_enlace_proyecto":null,"_list_proyectos_3_boton_enlace_proyecto":null,"list_proyectos_3_imagen_asociada_proyecto":null,"_list_proyectos_3_imagen_asociada_proyecto":null,"proyectos_header_titulo":null,"_proyectos_header_titulo":null,"proyectos_header_descripcion":null,"_proyectos_header_descripcion":null,"proyectos_header_imagen_de_fondo":null,"_proyectos_header_imagen_de_fondo":null,"home_hero_titulo":null,"_home_hero_titulo":null,"home_hero_subtitulo":null,"_home_hero_subtitulo":null,"home_hero_copy":null,"_home_hero_copy":null,"home_hero_boton_texto":null,"_home_hero_boton_texto":null,"home_hero_boton_enlace":null,"_home_hero_boton_enlace":null,"home_hero_imagen_de_fondo":null,"_home_hero_imagen_de_fondo":null,"home_informacion_descripcion":null,"_home_informacion_descripcion":null,"home_informacion_entrada":null,"_home_informacion_entrada":null,"home_blog_titulo":null,"_home_blog_titulo":null,"imagen_listado_post":null,"_imagen_listado_post":null,"imagen_subtitulo_post":null,"_imagen_subtitulo_post":null,"yoast_head":"<!-- This site is optimized with the Yoast SEO plugin v26.4 - https:\/\/yoast.com\/wordpress\/plugins\/seo\/ -->\n<title>Privacy policy - Pepe Chamorro<\/title>\n<meta name=\"robots\" content=\"index, follow, max-snippet:-1, max-image-preview:large, max-video-preview:-1\" \/>\n<link rel=\"canonical\" href=\"https:\/\/pepechamorro.com\/terminos-legales\/\" \/>\n<meta property=\"og:locale\" content=\"en_US\" \/>\n<meta property=\"og:type\" content=\"article\" \/>\n<meta property=\"og:title\" content=\"Privacy policy - Pepe Chamorro\" \/>\n<meta property=\"og:description\" content=\"En cumplimiento del art\u00edculo 10 de la Ley 34\/2002, del 11 de julio, de...\" \/>\n<meta property=\"og:url\" content=\"https:\/\/pepechamorro.com\/terminos-legales\/\" \/>\n<meta property=\"og:site_name\" content=\"Pepe Chamorro\" \/>\n<meta property=\"article:modified_time\" content=\"2018-06-14T07:20:52+00:00\" \/>\n<meta name=\"twitter:card\" content=\"summary_large_image\" \/>\n<meta name=\"twitter:label1\" content=\"Est. reading time\" \/>\n\t<meta name=\"twitter:data1\" content=\"4 minutes\" \/>\n<script type=\"application\/ld+json\" class=\"yoast-schema-graph\">{\"@context\":\"https:\/\/schema.org\",\"@graph\":[{\"@type\":\"WebPage\",\"@id\":\"https:\/\/pepechamorro.com\/terminos-legales\/\",\"url\":\"https:\/\/pepechamorro.com\/terminos-legales\/\",\"name\":\"Privacy policy - Pepe Chamorro\",\"isPartOf\":{\"@id\":\"https:\/\/pepechamorro.com\/#website\"},\"datePublished\":\"2017-11-29T08:27:38+00:00\",\"dateModified\":\"2018-06-14T07:20:52+00:00\",\"breadcrumb\":{\"@id\":\"https:\/\/pepechamorro.com\/terminos-legales\/#breadcrumb\"},\"inLanguage\":\"en-US\",\"potentialAction\":[{\"@type\":\"ReadAction\",\"target\":[\"https:\/\/pepechamorro.com\/terminos-legales\/\"]}]},{\"@type\":\"BreadcrumbList\",\"@id\":\"https:\/\/pepechamorro.com\/terminos-legales\/#breadcrumb\",\"itemListElement\":[{\"@type\":\"ListItem\",\"position\":1,\"name\":\"Home\",\"item\":\"https:\/\/pepechamorro.com\/\"},{\"@type\":\"ListItem\",\"position\":2,\"name\":\"Privacy policy\"}]},{\"@type\":\"WebSite\",\"@id\":\"https:\/\/pepechamorro.com\/#website\",\"url\":\"https:\/\/pepechamorro.com\/\",\"name\":\"Pepe Chamorro\",\"description\":\"Consultor\u00eda, Marketing y Transformaci\u00f3n Digital\",\"potentialAction\":[{\"@type\":\"SearchAction\",\"target\":{\"@type\":\"EntryPoint\",\"urlTemplate\":\"https:\/\/pepechamorro.com\/?s={search_term_string}\"},\"query-input\":{\"@type\":\"PropertyValueSpecification\",\"valueRequired\":true,\"valueName\":\"search_term_string\"}}],\"inLanguage\":\"en-US\"}]}<\/script>\n<!-- \/ Yoast SEO plugin. -->","yoast_head_json":{"title":"Privacy policy - Pepe Chamorro","robots":{"index":"index","follow":"follow","max-snippet":"max-snippet:-1","max-image-preview":"max-image-preview:large","max-video-preview":"max-video-preview:-1"},"canonical":"https:\/\/pepechamorro.com\/terminos-legales\/","og_locale":"en_US","og_type":"article","og_title":"Privacy policy - Pepe Chamorro","og_description":"En cumplimiento del art\u00edculo 10 de la Ley 34\/2002, del 11 de julio, de...","og_url":"https:\/\/pepechamorro.com\/terminos-legales\/","og_site_name":"Pepe Chamorro","article_modified_time":"2018-06-14T07:20:52+00:00","twitter_card":"summary_large_image","twitter_misc":{"Est. reading time":"4 minutes"},"schema":{"@context":"https:\/\/schema.org","@graph":[{"@type":"WebPage","@id":"https:\/\/pepechamorro.com\/terminos-legales\/","url":"https:\/\/pepechamorro.com\/terminos-legales\/","name":"Privacy policy - Pepe Chamorro","isPartOf":{"@id":"https:\/\/pepechamorro.com\/#website"},"datePublished":"2017-11-29T08:27:38+00:00","dateModified":"2018-06-14T07:20:52+00:00","breadcrumb":{"@id":"https:\/\/pepechamorro.com\/terminos-legales\/#breadcrumb"},"inLanguage":"en-US","potentialAction":[{"@type":"ReadAction","target":["https:\/\/pepechamorro.com\/terminos-legales\/"]}]},{"@type":"BreadcrumbList","@id":"https:\/\/pepechamorro.com\/terminos-legales\/#breadcrumb","itemListElement":[{"@type":"ListItem","position":1,"name":"Home","item":"https:\/\/pepechamorro.com\/"},{"@type":"ListItem","position":2,"name":"Privacy policy"}]},{"@type":"WebSite","@id":"https:\/\/pepechamorro.com\/#website","url":"https:\/\/pepechamorro.com\/","name":"Pepe Chamorro","description":"Consultor\u00eda, Marketing y Transformaci\u00f3n Digital","potentialAction":[{"@type":"SearchAction","target":{"@type":"EntryPoint","urlTemplate":"https:\/\/pepechamorro.com\/?s={search_term_string}"},"query-input":{"@type":"PropertyValueSpecification","valueRequired":true,"valueName":"search_term_string"}}],"inLanguage":"en-US"}]}},"_links":{"self":[{"href":"https:\/\/pepechamorro.com\/en\/wp-json\/wp\/v2\/pages\/613","targetHints":{"allow":["GET"]}}],"collection":[{"href":"https:\/\/pepechamorro.com\/en\/wp-json\/wp\/v2\/pages"}],"about":[{"href":"https:\/\/pepechamorro.com\/en\/wp-json\/wp\/v2\/types\/page"}],"author":[{"embeddable":true,"href":"https:\/\/pepechamorro.com\/en\/wp-json\/wp\/v2\/users\/6"}],"replies":[{"embeddable":true,"href":"https:\/\/pepechamorro.com\/en\/wp-json\/wp\/v2\/comments?post=613"}],"version-history":[{"count":1,"href":"https:\/\/pepechamorro.com\/en\/wp-json\/wp\/v2\/pages\/613\/revisions"}],"predecessor-version":[{"id":688,"href":"https:\/\/pepechamorro.com\/en\/wp-json\/wp\/v2\/pages\/613\/revisions\/688"}],"wp:attachment":[{"href":"https:\/\/pepechamorro.com\/en\/wp-json\/wp\/v2\/media?parent=613"}],"curies":[{"name":"wp","href":"https:\/\/api.w.org\/{rel}","templated":true}]}}