{"id":617,"date":"2017-11-28T16:54:08","date_gmt":"2017-11-28T15:54:08","guid":{"rendered":"https:\/\/pepechamorro.com\/acerca-de-mi\/"},"modified":"2019-12-14T21:06:47","modified_gmt":"2019-12-14T20:06:47","slug":"my-career-my-projects-companies-ventures","status":"publish","type":"page","link":"https:\/\/pepechamorro.com\/en\/my-career-my-projects-companies-ventures\/","title":{"rendered":"About"},"content":{"rendered":"<p><strong>EMPEC\u00c9 MI CARRERA EN PUBLICIDAD EN 1989.<\/strong><\/p>\n<p>En 1996 empec\u00e9 en la industria digital creando mi propia agencia y, despu\u00e9s de cuatro a\u00f1os, la vend\u00ed parcialmente al <strong>Grupo Delvico Bates<\/strong> para crear <strong>Digital Bates<\/strong>.<\/p>\n<p>La agencia se posicion\u00f3 r\u00e1pidamente como una de las tres mayores agencias interactivas de Espa\u00f1a, llevando a casa el <strong>Gran Premio Digital en el Festival El Sol<\/strong>, con uno de los clientes m\u00e1s importantes, Telef\u00f3nica \/ Movistar. En 2001, me un\u00ed a 141 Worldwide como Director General, trabajando con clientes como <strong>Telef\u00f3nica \/ Movistar, BAT (Lucky Strike), Ballantine, Beefeater, ONCE, Mahou y Schweppes<\/strong>, entre otros. En 2005, asum\u00ed el puesto de <strong>Gerente General de JWT Espa\u00f1a y miembro de su Consejo Digital Europeo<\/strong>, trabajando con clientes como <strong>Unilever, Johnson &amp; Johnson Grupo Modelo Europa, ONCE, Bankinter y Mazda<\/strong>.<\/p>\n<p>Actu\u00e9 como miembro del primer jurado de Cyber Lions en el Festival de Creatividad de Cannes Lions, y como Presidente del Jurado Interactivo del Festival El Sol.<\/p>\n<p>Vivo en Madrid y tengo dos hijas, hablo espa\u00f1ol e ingl\u00e9s. Mis especialidades son el conocimiento de las diferentes disciplinas de la comunicaci\u00f3n gracias a la experiencia de creaci\u00f3n y gesti\u00f3n de diferentes empresas.<\/p>\n","protected":false},"excerpt":{"rendered":"<p>EMPEC\u00c9 MI CARRERA EN PUBLICIDAD EN 1989. En 1996 empec\u00e9 en la industria digital&#8230;<\/p>\n","protected":false},"author":6,"featured_media":0,"parent":0,"menu_order":2,"comment_status":"closed","ping_status":"closed","template":"page-acerca-de-mi.php","meta":{"footnotes":""},"class_list":["post-617","page","type-page","status-publish","hentry","wpautop"],"_wp_attached_file":null,"_wp_attachment_metadata":null,"wpml_media_processed":null,"_wpml_media_usage":null,"_wp_attachment_backup_sizes":null,"_email":null,"_name":null,"_props":null,"_last_contacted":null,"_wp_old_date":null,"_spam_meta_time":null,"_submission_status":null,"_subject":null,"_from":null,"_from_name":null,"_from_email":null,"_field_your-name":null,"_field_your-email":null,"_field_your-message":null,"_field_acceptance-246":null,"_fields":null,"_meta":null,"_akismet":null,"_recaptcha":null,"_spam_log":null,"_consent":null,"_field_submit":null,"_menu_item_type":null,"_menu_item_menu_item_parent":null,"_menu_item_object_id":null,"_menu_item_object":null,"_menu_item_target":null,"_menu_item_classes":null,"_menu_item_xfn":null,"_menu_item_url":null,"_wp_page_template":"page-acerca-de-mi.php","_last_translation_edit_mode":"native-editor","_lp_disable_wpautop":null,"_yoast_wpseo_is_cornerstone":null,"_yoast_wpseo_primary_category":null,"_thumbnail_id":null,"_wpml_media_has_media":null,"_dp_original":null,"ssb_googleplus_counts":null,"ssb_twitter_counts":null,"ssb_fbshare_counts":null,"ssb_linkedin_counts":null,"ssb_total_counts":null,"ssb_cache_timestamp":null,"_yoast_wpseo_opengraph-title":null,"_yoast_wpseo_opengraph-description":null,"_yoast_wpseo_twitter-title":null,"_yoast_wpseo_twitter-description":null,"_yoast_wpseo_focuskw_text_input":null,"_yoast_wpseo_estimated-reading-time-minutes":null,"_yoast_wpseo_wordproof_timestamp":null,"list_proyectos_4_titulo_proyecto":null,"_list_proyectos_4_titulo_proyecto":null,"list_proyectos_4_logotipo_proyecto":null,"_list_proyectos_4_logotipo_proyecto":null,"list_proyectos_4_puesto_proyecto":null,"_list_proyectos_4_puesto_proyecto":null,"list_proyectos_4_descripcion_proyecto":null,"_list_proyectos_4_descripcion_proyecto":null,"list_proyectos_4_boton_enlace_proyecto":null,"_list_proyectos_4_boton_enlace_proyecto":null,"list_proyectos_4_imagen_asociada_proyecto":null,"_list_proyectos_4_imagen_asociada_proyecto":null,"_form":null,"_mail":null,"_mail_2":null,"_messages":null,"_additional_settings":null,"_locale":null,"_flamingo":null,"_edit_last":"5","_edit_lock":"1576354241:5","_wpml_word_count":"{\"total\":197,\"to_translate\":{\"en\":197}}","_alp_processed":"1576354008","_wp_old_slug":null,"_hash":null,"_wp_trash_meta_status":null,"_wp_trash_meta_time":null,"_wp_desired_post_slug":null,"_yoast_wpseo_content_score":"60","acerca_de_mi_header_texto":"<p>Siempre he sido un emprendedor, desde muy joven siempre ten\u00eda mi propia visi\u00f3n cr\u00edtica de las cosas, c\u00f3mo las har\u00eda yo, qu\u00e9 cambiar\u00eda... y por esa raz\u00f3n a muy temprana edad comenc\u00e9 a emprender.En 1996\u00a0 mont\u00e9 mi primera compa\u00f1\u00eda y la cree en el arranque de la industria digital, si, si, en el arranque de lo que se denomin\u00f3 la burbuja digital, despu\u00e9s de cuatro a\u00f1os, la vend\u00ed parcialmente al <strong>Grupo Delvico Bates y creamos\u00a0<\/strong><strong>Digital Bates<\/strong>.<\/p>\r\n<p>La agencia se posicion\u00f3 r\u00e1pidamente como una de las tres mayores agencias interactivas de Espa\u00f1a, llevando a casa el <strong>Gran Premio Digital en el Festival El Sol<\/strong>, con uno de los clientes m\u00e1s importantes, Telef\u00f3nica \/ Movistar.<\/p>\r\n<p>En 2001, me un\u00ed a 141 Worldwide como Director General, trabajando con clientes como <strong>Telef\u00f3nica \/ Movistar, BAT (Lucky Strike), Ballantines, Beefeater, ONCE, Mahou y Schweppes<\/strong>, entre 2003 y 2005 fui Director General de<strong> Delvico<\/strong>\u00a0 y en 2005, asum\u00ed el puesto de <strong>Director General de JWT Espa\u00f1a y miembro de su Consejo Digital Europeo<\/strong>, trabajando con clientes como <strong>Unilever, Johnson &amp; Johnson Grupo Modelo Europa, ONCE, Bankinter y Mazda<\/strong>.<\/p>\r\n<p>Tuve la suerte de participar del primer panel de jurados de los Cyber Lions en el Festival de Creatividad de Cannes Lions en 2001, fue una experiencia inolvidable y tremendamente enriquecedora;\u00a0 tambi\u00e9n y ese mismo a\u00f1o fui Presidente del Jurado Interactivo del Festival El Sol en San Sebasti\u00e1n.<\/p>\r\n<p>En enero de 2014 abandono JWT y comienzo mi nueva etapa\u00a0creando mi propia empresa en compa\u00f1\u00eda de mis socios. Enseguida firmamos un acuerdo con Omnicom para la utilizaci\u00f3n de la marca Tribal Worldwide y hasta ahora seguimos desarrollando este apasionante proyecto.<\/p>\r\n<p>En estos a\u00f1os, hemos creado tambi\u00e9n una <strong>Escuela de Competencias Digitales<\/strong>, un <strong>Evento de Experiencia de Usuario<\/strong>, una empresa de <strong>Producci\u00f3n Digita<\/strong>l, participamos en una de las Start up's con m\u00e1s proyecci\u00f3n del pa\u00eds desde nuestro fondo de inversi\u00f3n y somos socios de la primera <strong>Consultora de Innovaci\u00f3n en Educaci\u00f3n<\/strong>.<\/p>\r\n<p>Bueno aunque parezca mucho creo que esto es solo el principio.<\/p>","_acerca_de_mi_header_texto":"field_5a6847ed63387","acerca_de_mi_header_imagen_de_fondo":"1595","_acerca_de_mi_header_imagen_de_fondo":"field_5b21456127c87","acerca_de_mi_header_titulo":"About me","_acerca_de_mi_header_titulo":"field_5b21456127c0d","acerca_de_mi_header_imagen_perfil":"1586","_acerca_de_mi_header_imagen_perfil":"field_5b21456127d00","acerca_de_mi_contenido_layout_0_acerca_de_mi_contenido_layout_modulo_texto_texto":"<p>Siempre he sido un emprendedor, desde muy joven siempre ten\u00eda mi propia visi\u00f3n cr\u00edtica de las cosas, c\u00f3mo las har\u00eda yo, qu\u00e9 cambiar\u00eda... y por esa raz\u00f3n a muy temprana edad comenc\u00e9 a emprender.En 1996\u00a0 mont\u00e9 mi primera compa\u00f1\u00eda y la cree en el arranque de la industria digital, si, si, en el arranque de lo que se denomin\u00f3 la burbuja digital, despu\u00e9s de cuatro a\u00f1os, la vend\u00ed parcialmente al <strong>Grupo Delvico Bates y creamos\u00a0<\/strong><strong>Digital Bates<\/strong>.<\/p>\r\n<p>La agencia se posicion\u00f3 r\u00e1pidamente como una de las tres mayores agencias interactivas de Espa\u00f1a, llevando a casa el <strong>Gran Premio Digital en el Festival El Sol<\/strong>, con uno de los clientes m\u00e1s importantes, Telef\u00f3nica \/ Movistar.<\/p>\r\n<p>En 2001, me un\u00ed a 141 Worldwide como Director General, trabajando con clientes como <strong>Telef\u00f3nica \/ Movistar, BAT (Lucky Strike), Ballantines, Beefeater, ONCE, Mahou y Schweppes<\/strong>, entre 2003 y 2005 fui Director General de<strong> Delvico<\/strong>\u00a0 y en 2005, asum\u00ed el puesto de <strong>Director General de JWT Espa\u00f1a y miembro de su Consejo Digital Europeo<\/strong>, trabajando con clientes como <strong>Unilever, Johnson &amp; Johnson Grupo Modelo Europa, ONCE, Bankinter y Mazda<\/strong>.<\/p>\r\n<p>Tuve la suerte de participar del primer panel de jurados de los Cyber Lions en el Festival de Creatividad de Cannes Lions en 2001, fue una experiencia inolvidable y tremendamente enriquecedora;\u00a0 tambi\u00e9n y ese mismo a\u00f1o fui Presidente del Jurado Interactivo del Festival El Sol en San Sebasti\u00e1n.<\/p>\r\n<p>En enero de 2014 abandono JWT y comienzo mi nueva etapa\u00a0creando mi propia empresa en compa\u00f1\u00eda de mis socios. Enseguida firmamos un acuerdo con Omnicom para la utilizaci\u00f3n de la marca Tribal Worldwide y hasta ahora seguimos desarrollando este apasionante proyecto.<\/p>\r\n<p>En estos a\u00f1os, hemos creado tambi\u00e9n una <strong>Escuela de Competencias Digitales<\/strong>, un <strong>Evento de Experiencia de Usuario<\/strong>, una empresa de <strong>Producci\u00f3n Digita<\/strong>l, participamos en una de las Start up's con m\u00e1s proyecci\u00f3n del pa\u00eds desde nuestro fondo de inversi\u00f3n y somos socios de la primera <strong>Consultora de Innovaci\u00f3n en Educaci\u00f3n<\/strong>.<\/p>\r\n<p>Bueno aunque parezca mucho creo que esto es solo el principio.<\/p>","_acerca_de_mi_contenido_layout_0_acerca_de_mi_contenido_layout_modulo_texto_texto":"field_5a9583672d889","acerca_de_mi_contenido_layout":["acerca_de_mi_contenido_layout_modulo_entradilla","acerca_de_mi_contenido_layout_modulo_texto"],"_acerca_de_mi_contenido_layout":"field_5b21456127df3","acerca_de_mi_contenido_layout_0_acerca_de_mi_contenido_layout_modulo_entradilla_texto":"I have always been an entrepreneur, since I was very young I always had my own critical view of things, how I would do them, what would I change?","_acerca_de_mi_contenido_layout_0_acerca_de_mi_contenido_layout_modulo_entradilla_texto":"field_5b2145614d79f","acerca_de_mi_contenido_layout_1_acerca_de_mi_contenido_layout_modulo_texto_texto":"<p>In 1996 I set up my first company in the beginning of the digital industry, in the beginning of what was called the digital bubble, after four years, I partially sold it to WPP we created Digital Bates.<\/p>\r\n<p>The agency quickly positioned itself as one of the three largest interactive agencies in Spain, taking home the Digital Grand Prix at the El Sol Festival, with one of the most important clients, Telef\u00f3nica \/ Movistar.<\/p>\r\n<p><br \/>\r\nIn 2001, I joined 141 Worldwide as Managing Director, working with clients such as Telef\u00f3nica \/ Movistar, BAT (Lucky Strike), Ballantines, Beefeater, ONCE, Mahou and Schweppes, between 2003 and 2005 I was Managing Director of Delvico and in 2005 I took up the position of Managing Director of JWT Spain and member of its European Digital Council, working with clients such as Unilever, Johnson &amp; Johnson Grupo Modelo Europa, ONCE, Bankinter and Mazda.<\/p>\r\n<p>I was fortunate enough to participate in Cannes Lions Creativity Festival in 2001, it was an unforgettable and tremendously enriching experience, and I was also President of the Interactive Jury of the El Sol Festival in San Sebastian that same year.<\/p>\r\n<p>In January 2014 I left JWT and began my new adventure by creating my own company with my partners. We immediately created HABITANT the project we are currently developing.<\/p>\r\n<p>In these years, we have also created a Digital Competence School, a User Experience Event, a Digital Production company, we are participating in one of the Start up's with more projection in the country from our investment fund and we are partners of the first Innovation Consultancy in Education.<\/p>\r\n<p>Well, as much as it may seem, I think this is just the beginning.<\/p>","_acerca_de_mi_contenido_layout_1_acerca_de_mi_contenido_layout_modulo_texto_texto":"field_5b2145614d81d","_yoast_wpseo_focuskw":"My career projects companies","_yoast_wpseo_title":"My career, my projects, companies, ventures and experiencies","_yoast_wpseo_metadesc":"My career, my projects, companies, ventures, experiencies around the world during the last 20 years in marketing, advertising and innovation","_yoast_wpseo_linkdex":"46","_wpml_media_duplicate":"0","_wpml_media_featured":"0","blog_header_titulo":null,"_blog_header_titulo":null,"blog_header_descripcion":null,"_blog_header_descripcion":null,"blog_header_imagen_de_fondo":null,"_blog_header_imagen_de_fondo":null,"list_proyectos_0_logotipo_proyecto":null,"_list_proyectos_0_logotipo_proyecto":null,"list_proyectos_0_puesto":null,"_list_proyectos_0_puesto":null,"list_proyectos_0_descripcion":null,"_list_proyectos_0_descripcion":null,"list_proyectos_0_boton_enlace":null,"_list_proyectos_0_boton_enlace":null,"list_proyectos_0_imagen_asociada":null,"_list_proyectos_0_imagen_asociada":null,"list_proyectos":null,"_list_proyectos":null,"list_proyectos_1_logotipo_proyecto":null,"_list_proyectos_1_logotipo_proyecto":null,"list_proyectos_1_puesto":null,"_list_proyectos_1_puesto":null,"list_proyectos_1_descripcion":null,"_list_proyectos_1_descripcion":null,"list_proyectos_1_boton_enlace":null,"_list_proyectos_1_boton_enlace":null,"list_proyectos_1_imagen_asociada":null,"_list_proyectos_1_imagen_asociada":null,"list_proyectos_2_logotipo_proyecto":null,"_list_proyectos_2_logotipo_proyecto":null,"list_proyectos_2_puesto":null,"_list_proyectos_2_puesto":null,"list_proyectos_2_descripcion":null,"_list_proyectos_2_descripcion":null,"list_proyectos_2_boton_enlace":null,"_list_proyectos_2_boton_enlace":null,"list_proyectos_2_imagen_asociada":null,"_list_proyectos_2_imagen_asociada":null,"list_proyectos_3_logotipo_proyecto":null,"_list_proyectos_3_logotipo_proyecto":null,"list_proyectos_3_puesto":null,"_list_proyectos_3_puesto":null,"list_proyectos_3_descripcion":null,"_list_proyectos_3_descripcion":null,"list_proyectos_3_boton_enlace":null,"_list_proyectos_3_boton_enlace":null,"list_proyectos_3_imagen_asociada":null,"_list_proyectos_3_imagen_asociada":null,"list_proyectos_0_titulo_proyecto":null,"_list_proyectos_0_titulo_proyecto":null,"list_proyectos_0_puesto_proyecto":null,"_list_proyectos_0_puesto_proyecto":null,"list_proyectos_0_descripcion_proyecto":null,"_list_proyectos_0_descripcion_proyecto":null,"list_proyectos_0_boton_enlace_proyecto":null,"_list_proyectos_0_boton_enlace_proyecto":null,"list_proyectos_0_imagen_asociada_proyecto":null,"_list_proyectos_0_imagen_asociada_proyecto":null,"list_proyectos_1_titulo_proyecto":null,"_list_proyectos_1_titulo_proyecto":null,"list_proyectos_1_puesto_proyecto":null,"_list_proyectos_1_puesto_proyecto":null,"list_proyectos_1_descripcion_proyecto":null,"_list_proyectos_1_descripcion_proyecto":null,"list_proyectos_1_boton_enlace_proyecto":null,"_list_proyectos_1_boton_enlace_proyecto":null,"list_proyectos_1_imagen_asociada_proyecto":null,"_list_proyectos_1_imagen_asociada_proyecto":null,"list_proyectos_2_titulo_proyecto":null,"_list_proyectos_2_titulo_proyecto":null,"list_proyectos_2_puesto_proyecto":null,"_list_proyectos_2_puesto_proyecto":null,"list_proyectos_2_descripcion_proyecto":null,"_list_proyectos_2_descripcion_proyecto":null,"list_proyectos_2_boton_enlace_proyecto":null,"_list_proyectos_2_boton_enlace_proyecto":null,"list_proyectos_2_imagen_asociada_proyecto":null,"_list_proyectos_2_imagen_asociada_proyecto":null,"list_proyectos_3_titulo_proyecto":null,"_list_proyectos_3_titulo_proyecto":null,"list_proyectos_3_puesto_proyecto":null,"_list_proyectos_3_puesto_proyecto":null,"list_proyectos_3_descripcion_proyecto":null,"_list_proyectos_3_descripcion_proyecto":null,"list_proyectos_3_boton_enlace_proyecto":null,"_list_proyectos_3_boton_enlace_proyecto":null,"list_proyectos_3_imagen_asociada_proyecto":null,"_list_proyectos_3_imagen_asociada_proyecto":null,"proyectos_header_titulo":null,"_proyectos_header_titulo":null,"proyectos_header_descripcion":null,"_proyectos_header_descripcion":null,"proyectos_header_imagen_de_fondo":null,"_proyectos_header_imagen_de_fondo":null,"home_hero_titulo":null,"_home_hero_titulo":null,"home_hero_subtitulo":null,"_home_hero_subtitulo":null,"home_hero_copy":null,"_home_hero_copy":null,"home_hero_boton_texto":null,"_home_hero_boton_texto":null,"home_hero_boton_enlace":null,"_home_hero_boton_enlace":null,"home_hero_imagen_de_fondo":null,"_home_hero_imagen_de_fondo":null,"home_informacion_descripcion":null,"_home_informacion_descripcion":null,"home_informacion_entrada":null,"_home_informacion_entrada":null,"home_blog_titulo":null,"_home_blog_titulo":null,"imagen_listado_post":null,"_imagen_listado_post":null,"imagen_subtitulo_post":null,"_imagen_subtitulo_post":null,"yoast_head":"<!-- This site is optimized with the Yoast SEO plugin v26.4 - https:\/\/yoast.com\/wordpress\/plugins\/seo\/ -->\n<title>My career, my projects, companies, ventures and experiencies<\/title>\n<meta name=\"description\" content=\"My career, my projects, companies, ventures, experiencies around the world during the last 20 years in marketing, advertising and innovation\" \/>\n<meta name=\"robots\" content=\"index, follow, max-snippet:-1, max-image-preview:large, max-video-preview:-1\" \/>\n<link rel=\"canonical\" href=\"https:\/\/pepechamorro.com\/sobre-mi\/\" \/>\n<meta property=\"og:locale\" content=\"en_US\" \/>\n<meta property=\"og:type\" content=\"article\" \/>\n<meta property=\"og:title\" content=\"My career, my projects, companies, ventures and experiencies\" \/>\n<meta property=\"og:description\" content=\"My career, my projects, companies, ventures, experiencies around the world during the last 20 years in marketing, advertising and innovation\" \/>\n<meta property=\"og:url\" content=\"https:\/\/pepechamorro.com\/sobre-mi\/\" \/>\n<meta property=\"og:site_name\" content=\"Pepe Chamorro\" \/>\n<meta property=\"article:modified_time\" content=\"2019-12-14T20:06:47+00:00\" \/>\n<meta name=\"twitter:card\" content=\"summary_large_image\" \/>\n<meta name=\"twitter:label1\" content=\"Est. reading time\" \/>\n\t<meta name=\"twitter:data1\" content=\"1 minute\" \/>\n<script type=\"application\/ld+json\" class=\"yoast-schema-graph\">{\"@context\":\"https:\/\/schema.org\",\"@graph\":[{\"@type\":\"WebPage\",\"@id\":\"https:\/\/pepechamorro.com\/sobre-mi\/\",\"url\":\"https:\/\/pepechamorro.com\/sobre-mi\/\",\"name\":\"My career, my projects, companies, ventures and experiencies\",\"isPartOf\":{\"@id\":\"https:\/\/pepechamorro.com\/#website\"},\"datePublished\":\"2017-11-28T15:54:08+00:00\",\"dateModified\":\"2019-12-14T20:06:47+00:00\",\"description\":\"My career, my projects, companies, ventures, experiencies around the world during the last 20 years in marketing, advertising and innovation\",\"breadcrumb\":{\"@id\":\"https:\/\/pepechamorro.com\/sobre-mi\/#breadcrumb\"},\"inLanguage\":\"en-US\",\"potentialAction\":[{\"@type\":\"ReadAction\",\"target\":[\"https:\/\/pepechamorro.com\/sobre-mi\/\"]}]},{\"@type\":\"BreadcrumbList\",\"@id\":\"https:\/\/pepechamorro.com\/sobre-mi\/#breadcrumb\",\"itemListElement\":[{\"@type\":\"ListItem\",\"position\":1,\"name\":\"Home\",\"item\":\"https:\/\/pepechamorro.com\/\"},{\"@type\":\"ListItem\",\"position\":2,\"name\":\"About\"}]},{\"@type\":\"WebSite\",\"@id\":\"https:\/\/pepechamorro.com\/#website\",\"url\":\"https:\/\/pepechamorro.com\/\",\"name\":\"Pepe Chamorro\",\"description\":\"Consultor\u00eda, Marketing y Transformaci\u00f3n Digital\",\"potentialAction\":[{\"@type\":\"SearchAction\",\"target\":{\"@type\":\"EntryPoint\",\"urlTemplate\":\"https:\/\/pepechamorro.com\/?s={search_term_string}\"},\"query-input\":{\"@type\":\"PropertyValueSpecification\",\"valueRequired\":true,\"valueName\":\"search_term_string\"}}],\"inLanguage\":\"en-US\"}]}<\/script>\n<!-- \/ Yoast SEO plugin. -->","yoast_head_json":{"title":"My career, my projects, companies, ventures and experiencies","description":"My career, my projects, companies, ventures, experiencies around the world during the last 20 years in marketing, advertising and innovation","robots":{"index":"index","follow":"follow","max-snippet":"max-snippet:-1","max-image-preview":"max-image-preview:large","max-video-preview":"max-video-preview:-1"},"canonical":"https:\/\/pepechamorro.com\/sobre-mi\/","og_locale":"en_US","og_type":"article","og_title":"My career, my projects, companies, ventures and experiencies","og_description":"My career, my projects, companies, ventures, experiencies around the world during the last 20 years in marketing, advertising and innovation","og_url":"https:\/\/pepechamorro.com\/sobre-mi\/","og_site_name":"Pepe Chamorro","article_modified_time":"2019-12-14T20:06:47+00:00","twitter_card":"summary_large_image","twitter_misc":{"Est. reading time":"1 minute"},"schema":{"@context":"https:\/\/schema.org","@graph":[{"@type":"WebPage","@id":"https:\/\/pepechamorro.com\/sobre-mi\/","url":"https:\/\/pepechamorro.com\/sobre-mi\/","name":"My career, my projects, companies, ventures and experiencies","isPartOf":{"@id":"https:\/\/pepechamorro.com\/#website"},"datePublished":"2017-11-28T15:54:08+00:00","dateModified":"2019-12-14T20:06:47+00:00","description":"My career, my projects, companies, ventures, experiencies around the world during the last 20 years in marketing, advertising and innovation","breadcrumb":{"@id":"https:\/\/pepechamorro.com\/sobre-mi\/#breadcrumb"},"inLanguage":"en-US","potentialAction":[{"@type":"ReadAction","target":["https:\/\/pepechamorro.com\/sobre-mi\/"]}]},{"@type":"BreadcrumbList","@id":"https:\/\/pepechamorro.com\/sobre-mi\/#breadcrumb","itemListElement":[{"@type":"ListItem","position":1,"name":"Home","item":"https:\/\/pepechamorro.com\/"},{"@type":"ListItem","position":2,"name":"About"}]},{"@type":"WebSite","@id":"https:\/\/pepechamorro.com\/#website","url":"https:\/\/pepechamorro.com\/","name":"Pepe Chamorro","description":"Consultor\u00eda, Marketing y Transformaci\u00f3n Digital","potentialAction":[{"@type":"SearchAction","target":{"@type":"EntryPoint","urlTemplate":"https:\/\/pepechamorro.com\/?s={search_term_string}"},"query-input":{"@type":"PropertyValueSpecification","valueRequired":true,"valueName":"search_term_string"}}],"inLanguage":"en-US"}]}},"_links":{"self":[{"href":"https:\/\/pepechamorro.com\/en\/wp-json\/wp\/v2\/pages\/617","targetHints":{"allow":["GET"]}}],"collection":[{"href":"https:\/\/pepechamorro.com\/en\/wp-json\/wp\/v2\/pages"}],"about":[{"href":"https:\/\/pepechamorro.com\/en\/wp-json\/wp\/v2\/types\/page"}],"author":[{"embeddable":true,"href":"https:\/\/pepechamorro.com\/en\/wp-json\/wp\/v2\/users\/6"}],"replies":[{"embeddable":true,"href":"https:\/\/pepechamorro.com\/en\/wp-json\/wp\/v2\/comments?post=617"}],"version-history":[{"count":10,"href":"https:\/\/pepechamorro.com\/en\/wp-json\/wp\/v2\/pages\/617\/revisions"}],"predecessor-version":[{"id":1601,"href":"https:\/\/pepechamorro.com\/en\/wp-json\/wp\/v2\/pages\/617\/revisions\/1601"}],"wp:attachment":[{"href":"https:\/\/pepechamorro.com\/en\/wp-json\/wp\/v2\/media?parent=617"}],"curies":[{"name":"wp","href":"https:\/\/api.w.org\/{rel}","templated":true}]}}